{"id":19,"date":"2020-07-02T17:03:16","date_gmt":"2020-07-02T15:03:16","guid":{"rendered":"http:\/\/localhost\/brcg.de\/?page_id=19"},"modified":"2025-02-26T11:21:28","modified_gmt":"2025-02-26T10:21:28","slug":"impressum","status":"publish","type":"page","link":"https:\/\/www.brsv.net\/en\/impressum\/","title":{"rendered":"Impressum"},"content":{"rendered":"[et_pb_section fb_built=&#8220;1&#8243; admin_label=&#8220;section&#8220; _builder_version=&#8220;3.22&#8243;][et_pb_row admin_label=&#8220;row&#8220; _builder_version=&#8220;4.7.4&#8243; background_size=&#8220;initial&#8220; background_position=&#8220;top_left&#8220; background_repeat=&#8220;repeat&#8220;][et_pb_column type=&#8220;4_4&#8243; _builder_version=&#8220;3.25&#8243; custom_padding=&#8220;|||&#8220; custom_padding__hover=&#8220;|||&#8220;][et_pb_text admin_label=&#8220;Text&#8220; _builder_version=&#8220;4.7.4&#8243; background_size=&#8220;initial&#8220; background_position=&#8220;top_left&#8220; background_repeat=&#8220;repeat&#8220;]<h1>Impressum<\/h1>\n<p><strong>Information according to \u00a7 5 TMG<\/strong><\/p>\n<p><\/p>\n<p><strong><\/strong><\/p>\n<p><strong>BR Strategy &amp; Ventures GmbH<\/strong><\/p>\n<p>Steinring 125<br \/>44789 Bochum<br \/>Germany<\/p>\n<p>Phone: <a href=\"tel:+49234777960\">+49 (234) 777 96 \u2013 0<\/a><br \/>Fax: +49 (234) 777 96 \u2013 10<br \/>E-Mail: <a href=\"mailto:info@brsv.net\">info@brsv.net<\/a><\/p>\n<p><a href=\"https:\/\/www.brsv.net\/en\/\">www.brsv.net<\/a><\/p>\n<p><strong>\u00a0<\/strong><\/p>\n<p><\/p>\n<p><strong>Managing Director:<\/strong><\/p>\n<p><\/p>\n<p>Dr. Holger Bergmann \/ Dr. Harald H. Rohde<\/p>\n<p><\/p>\n<p><strong>Registry entry:<\/strong><\/p>\n<p><\/p>\n<p><\/p>\n<p>Entry in the Commercial Register.<br \/>Register court: Bochum<br \/>Registered office: Bochum<br \/>Registernummer: HRB 22193<\/p>\n<p><\/p>\n<p><strong>Sales tax ID:<\/strong><\/p>\n<p><\/p>\n<p><strong>Sales tax identification number according to \u00a727a sales tax law: 171521068<\/strong><\/p>\n<p><\/p>\n<p class=\" translation-block\"><strong>Liability notice: <\/strong>Despite careful control of the content, we assume no liability for the content of external links. For the content of the linked pages are solely responsible for their operators.<\/p>\n<p><\/p>\n<p><strong>Inhaltlich Verantwortliche gem\u00e4\u00df \u00a7 6 MDStV: <\/strong>Dr. Harald H. Rohde<br \/><strong>Responsible according to \u00a7 6 TDG\/ \u00a7 10 MDStV: <\/strong>Dr. Harald H. Rohde<\/p>\n<p><\/p>\n<p><strong>Consumer Dispute Resolution \/ OS Platform<\/strong><\/p>\n<p><\/p>\n<p>The European Union has established an online platform (\"ODR platform\") for the out-of-court settlement of consumer disputes. You can find the platform at http:\/\/ec.europa.eu\/consumers\/odr\/.<\/p>\n<p><\/p>\n<p>BRCG does not currently participate in voluntary dispute resolution proceedings before a consumer arbitration board.<\/p>\n<p>&nbsp;<\/p>\n<p><strong>Image credits<\/strong><\/p>\n<ul>\n<li>Dateinummer: 13126200 \u2013 Urheber: <a href=\"https:\/\/de.123rf.com\/profile_a4ndi\">a4ndi<\/a> \u2013 <a href=\"https:\/\/de.123rf.com\/\">https:\/\/de.123rf.com\/<\/a><\/li>\n<li>Dateinummer: 16594241 \u2013 Urheber: <a href=\"https:\/\/de.123rf.com\/profile_anocha89\">Anocha Tumsuk<\/a> \u2013 <a href=\"https:\/\/de.123rf.com\/\">https:\/\/de.123rf.com\/<\/a><\/li>\n<li>Dateinummer: 18214541 \u2013 Urheber: <a href=\"https:\/\/de.123rf.com\/profile_photopiano\">Anna Om<\/a> \u2013 <a href=\"https:\/\/de.123rf.com\/\">https:\/\/de.123rf.com\/<\/a><\/li>\n<li>Dateinummer: 19279866 \u2013 Urheber: <a href=\"https:\/\/de.123rf.com\/profile_sepavo\">Sean Pavone <\/a>\u2013 <a href=\"https:\/\/de.123rf.com\/\">https:\/\/de.123rf.com\/<\/a><\/li>\n<li>Dateinummer: 22799340 \u2013 Urheber: <a href=\"https:\/\/de.123rf.com\/profile_ultrapro\">Tatiana Kasantseva <\/a>\u2013 <a href=\"https:\/\/de.123rf.com\/\">https:\/\/de.123rf.com\/<\/a><\/li>\n<li>Dateinummer: 34649291 \u2013 Urheber: <a href=\"https:\/\/de.123rf.com\/profile_nneirda\">Adrienn Orb\u00e1nhegyi<\/a> \u2013 <a href=\"https:\/\/de.123rf.com\/\">https:\/\/de.123rf.com\/<\/a><\/li>\n<li>Dateinummer: 44197208 \u2013 Urheber: <a href=\"https:\/\/de.123rf.com\/profile_vladmax\">vladmax<\/a> \u2013 <a href=\"https:\/\/de.123rf.com\/\">https:\/\/de.123rf.com\/<\/a><\/li>\n<li>Dateinummer: 44962334 \u2013 Urheber: <a href=\"https:\/\/de.123rf.com\/profile_sainaniritu\">Ritu Jethani<\/a> \u2013 <a href=\"https:\/\/de.123rf.com\/\">https:\/\/de.123rf.com\/<\/a><\/li>\n<li>Dateinummer: 62628179 \u2013 Urheber: <a href=\"https:\/\/de.123rf.com\/profile_viteethumb\">viteethumb<\/a> \u2013 <a href=\"https:\/\/de.123rf.com\/\">https:\/\/de.123rf.com\/<\/a><\/li>\n<li>Dateinummer: 73079006 \u2013 Urheber: <a href=\"https:\/\/de.123rf.com\/profile_viteethumb\">viteethumb<\/a> \u2013 <a href=\"https:\/\/de.123rf.com\/\">https:\/\/de.123rf.com\/<\/a><\/li>\n<li>Dateinummer: 97365396 \u2013 Urheber: <a href=\"https:\/\/de.123rf.com\/profile_morris71\">morris71<\/a> \u2013 <a href=\"https:\/\/de.123rf.com\/\">https:\/\/de.123rf.com\/<\/a><\/li>\n<li>Dateinummer: 111213939 \u2013 Urheber: <a href=\"https:\/\/de.123rf.com\/profile_inkdrop\">inkdrop<\/a> \u2013 <a href=\"https:\/\/de.123rf.com\/\">https:\/\/de.123rf.com\/<\/a><\/li>\n<li>Dateinummer: 131186325 \u2013 Urheber: <a href=\"https:\/\/de.123rf.com\/profile_viteethumb\">viteethumb<\/a> \u2013 <a href=\"https:\/\/de.123rf.com\/\">https:\/\/de.123rf.com\/<\/a><\/li>\n<li>Dateinummer: 143376267 \u2013 Urheber: <a href=\"https:\/\/de.123rf.com\/profile_heazi\">heazi<\/a> \u2013 <a href=\"https:\/\/de.123rf.com\/\">https:\/\/de.123rf.com\/<\/a><\/li>\n<li>Dateinummer: 143383384 \u2013 Urheber: <a href=\"https:\/\/de.123rf.com\/profile_heazi\">heazi<\/a> \u2013 <a href=\"https:\/\/de.123rf.com\/\">https:\/\/de.123rf.com\/<\/a><\/li>\n<li>Dateinummer: 149444837 \u2013 Urheber: <a href=\"https:\/\/de.123rf.com\/profile_morris71\">morris71<\/a> \u2013 <a href=\"https:\/\/de.123rf.com\/\">https:\/\/de.123rf.com\/<\/a><\/li>\n<\/ul>\n<p><\/p>\n<p><strong>Disclaimer:<\/strong><\/p>\n<p><\/p>\n<p><strong>1. Content of the online offer<\/strong><\/p>\n<p><\/p>\n<p>The author assumes no liability for the topicality, correctness, completeness or quality of the information provided. Liability claims against the author, which refer to material or immaterial nature caused by use or disuse of the information or the use of incorrect and incomplete information are excluded, unless the author is not intentional or grossly negligent fault. All offers are subject to change and non-binding. The author expressly reserves the right to change, supplement or delete parts of the pages or the entire offer without prior notice or to discontinue the publication temporarily or permanently.<\/p>\n<p><\/p>\n<p><strong>2. References and links<\/strong><\/p>\n<p><\/p>\n<p>The author is not responsible for any contents linked or referred to from his pages - unless he has full knowledge of illegal contents and would be able to prevent the visitors of his site fromviewing those pages.<\/p>\n<p><\/p>\n<p>The author hereby expressly declares that at the time the links were created, no illegal content was identifiable on the linked pages. The author has no influence on the current and future design, content or authorship of the linked pages. Therefore, he hereby expressly dissociates himself from all contents of all linked pages that were changed after the link was set. This statement applies to all links and references set within the author's own Internet offer as well as to external entries in guest books, discussion forums, link directories, mailing lists and all other forms of databases set up by the author to which external write access is possible. For illegal, incorrect or incomplete contents and especially for damages resulting from the use or non-use of such information, only the provider of the linked page is liable, not the one who has linked to the respective publication.<\/p>\n<p><\/p>\n<p><strong>3. copyright and trademark law<\/strong><\/p>\n<p><\/p>\n<p>The author endeavors to observe the copyrights of the images, graphics, sound documents, video sequences and texts used in all publications, to use images, graphics, sound documents, video sequences and texts created by himself or to use license-free graphics, sound documents, video sequences and texts. All brand names and trademarks mentioned on the website and possibly protected by third parties are subject without restriction to the provisions of the applicable trademark law and the ownership rights of the respective registered owners. The mere mention of a trademark does not imply that it is not protected by the rights of third parties!<\/p>\n<p><\/p>\n<p>The copyright for published objects created by the author himself remains solely with the author of the pages. Any duplication or use of objects such as diagrams, sounds or texts in other electronic or printed publications is not permitted without the author's agreement.<\/p>\n<p><\/p>\n<p><strong>4. Privacy<\/strong><\/p>\n<p><\/p>\n<p>If the opportunity for the input of personal or business data (email addresses, name, addresses) is given, the input of these data takes place voluntarily. The use and payment of all offered services are permitted - if and so far technically possible and reasonable - without specification of any personal data or under specification of anonymized data or an alias. The use of published postal addresses, telephone or fax numbers and email addresses for marketing purposes is prohibited, offenders sending unwanted spam messages will be punished. We expressly reserve the right to take legal action against the senders of so-called spam mails in the event of violations of this prohibition.<\/p>\n<p><\/p>\n<p><strong>5. legal validity of this disclaimer<\/strong><\/p>\n<p><\/p>\n<p>This disclaimer is to be regarded as part of the internet publication which you were referred from. If sections or individual terms of this statement are not legal or correct, the content or validity of the other parts remain uninfluenced by this fact.<\/p>\n<p><\/p>[\/et_pb_text][\/et_pb_column][\/et_pb_row][\/et_pb_section]","protected":false},"excerpt":{"rendered":"<p>[et_pb_section fb_built=&#8220;1&#8243; admin_label=&#8220;section&#8220; _builder_version=&#8220;3.22&#8243;][et_pb_row admin_label=&#8220;row&#8220; _builder_version=&#8220;4.7.4&#8243; background_size=&#8220;initial&#8220; background_position=&#8220;top_left&#8220; background_repeat=&#8220;repeat&#8220;][et_pb_column type=&#8220;4_4&#8243; _builder_version=&#8220;3.25&#8243; custom_padding=&#8220;|||&#8220; custom_padding__hover=&#8220;|||&#8220;][et_pb_text admin_label=&#8220;Text&#8220; _builder_version=&#8220;4.7.4&#8243; background_size=&#8220;initial&#8220; background_position=&#8220;top_left&#8220; background_repeat=&#8220;repeat&#8220;] Impressum Angaben gem\u00e4\u00df \u00a7 5 TMG BR Strategy &amp; Ventures GmbH Steinring 12544789 BochumGermany Fon: +49 (234) 777 96 \u2013 0Fax: +49 (234) 777 96 \u2013 10E-Mail: info@brsv.net www.brsv.net \u00a0 Gesch\u00e4ftsf\u00fchrer: Dr. Holger Bergmann \/ Dr. Harald [&hellip;]<\/p>","protected":false},"author":1,"featured_media":0,"parent":0,"menu_order":0,"comment_status":"closed","ping_status":"closed","template":"","meta":{"_et_pb_use_builder":"on","_et_pb_old_content":"<!-- wp:paragraph -->\n<p><strong>Angaben gem\u00e4\u00df \u00a7 5 TMG<\/strong><\/p>\n<!-- \/wp:paragraph -->\n\n<!-- wp:paragraph -->\n<p><strong>Dr. Bergmann \u00b7 Dr. Rohde &amp; consulting group gmbh<\/strong><\/p>\n<!-- \/wp:paragraph -->\n\n<!-- wp:paragraph -->\n<p>Steinring 125<br>D 44789 Bochum<\/p>\n<!-- \/wp:paragraph -->\n\n<!-- wp:paragraph -->\n<p><strong>Fon<\/strong>: +49 (234) 777 96 - 0<br><strong>Fax: <\/strong>+49 (234) 777 96 - 10<\/p>\n<!-- \/wp:paragraph -->\n\n<!-- wp:paragraph -->\n<p><strong>E-Mail: <\/strong>info@brcg.de<br>www.brcg.de<\/p>\n<!-- \/wp:paragraph -->\n\n<!-- wp:paragraph -->\n<p><strong>Gesch\u00e4ftsf\u00fchrer:<\/strong><\/p>\n<!-- \/wp:paragraph -->\n\n<!-- wp:paragraph -->\n<p>Dr. Holger Bergmann \/ Dr. Harald H. Rohde<\/p>\n<!-- \/wp:paragraph -->\n\n<!-- wp:paragraph -->\n<p><strong>Registereintrag:<\/strong><\/p>\n<!-- \/wp:paragraph -->\n\n<!-- wp:paragraph -->\n<p>Eintragung im Handelsregister.<br>Registergericht: Bochum<br>Gesellschaftssitz: Bochum<br>Registernummer: HRB 5171<\/p>\n<!-- \/wp:paragraph -->\n\n<!-- wp:paragraph -->\n<p><strong>Umsatzsteuer-ID:<\/strong><\/p>\n<!-- \/wp:paragraph -->\n\n<!-- wp:paragraph -->\n<p><strong>Umsatzsteuer-Identifikationsnummer gem\u00e4\u00df \u00a727a Umsatzsteuergesetz: 171521068<\/strong><\/p>\n<!-- \/wp:paragraph -->\n\n<!-- wp:paragraph -->\n<p><strong>Haftungshinweis: <\/strong>Trotz sorgf\u00e4ltiger inhaltlicher Kontrolle \u00fcbernehmen wir keine Haftung f\u00fcr die Inhalte externer Links. F\u00fcr den Inhalt der verlinkten Seiten sind ausschlie\u00dflich deren Betreiber verantwortlich.<\/p>\n<!-- \/wp:paragraph -->\n\n<!-- wp:paragraph -->\n<p><strong>Inhaltlich Verantwortliche gem\u00e4\u00df \u00a7 6 MDStV: <\/strong>Dr. Harald H. Rohde<br><strong>Verantwortliche gem\u00e4\u00df \u00a7 6 TDG\/ \u00a7 10 MDStV: <\/strong>Dr. Harald H. Rohde<\/p>\n<!-- \/wp:paragraph -->\n\n<!-- wp:paragraph -->\n<p><strong>Verbraucherstreitbeilegung \/ OS-Plattform<\/strong><\/p>\n<!-- \/wp:paragraph -->\n\n<!-- wp:paragraph -->\n<p>Zur au\u00dfergerichtlichen Beilegung von verbraucherrechtlichen Streitigkeiten hat die Europ\u00e4ische Union eine Online-Plattform (\u201cOS-Plattform\u201d) eingerichtet. Die Plattform finden Sie unter http:\/\/ec.europa.eu\/consumers\/odr\/.<\/p>\n<!-- \/wp:paragraph -->\n\n<!-- wp:paragraph -->\n<p>Die BRCG nimmt derzeit nicht an einem freiwilligen Streitbeilegungsverfahren vor einer Verbraucherschlichtungsstelle teil.<\/p>\n<!-- \/wp:paragraph -->\n\n<!-- wp:paragraph -->\n<p><strong>Haftungsausschluss:<\/strong><\/p>\n<!-- \/wp:paragraph -->\n\n<!-- wp:paragraph -->\n<p><strong>1. Inhalt des Onlineangebotes<\/strong><\/p>\n<!-- \/wp:paragraph -->\n\n<!-- wp:paragraph -->\n<p>Der Autor \u00fcbernimmt keinerlei Gew\u00e4hr f\u00fcr die Aktualit\u00e4t, Korrektheit, Vollst\u00e4ndigkeit oder Qualit\u00e4t der bereitgestellten Informationen. Haftungsanspr\u00fcche gegen den Autor, welche sich auf Sch\u00e4den materieller oder ideeller Art beziehen, die durch die Nutzung oder Nichtnutzung der dargebotenen Informationen bzw. durch die Nutzung fehlerhafter und unvollst\u00e4ndiger Informationen verursacht wurden, sind grunds\u00e4tzlich ausgeschlossen, sofern seitens des Autors kein nachweislich vors\u00e4tzliches oder grob fahrl\u00e4ssiges Verschulden vorliegt. Alle Angebote sind freibleibend und unverbindlich. Der Autor beh\u00e4lt es sich ausdr\u00fccklich vor, Teile der Seiten oder das gesamte Angebot ohne gesonderte Ank\u00fcndigung zu ver\u00e4ndern, zu erg\u00e4nzen, zu l\u00f6schen oder die Ver\u00f6ffentlichung zeitweise oder endg\u00fcltig einzustellen.<\/p>\n<!-- \/wp:paragraph -->\n\n<!-- wp:paragraph -->\n<p><strong>2. Verweise und Links<\/strong><\/p>\n<!-- \/wp:paragraph -->\n\n<!-- wp:paragraph -->\n<p>Bei direkten oder indirekten Verweisen auf fremde Webseiten (\u201cHyperlinks\u201d), die au\u00dferhalb des Verantwortungsbereiches des Autors liegen, w\u00fcrde eine Haftungsverpflichtung ausschlie\u00dflich in dem Fall in Kraft treten, in dem der Autor von den Inhalten Kenntnis hat und es ihm technisch m\u00f6glich und zumutbar w\u00e4re, die Nutzung im Falle rechtswidriger Inhalte zu verhindern.<\/p>\n<!-- \/wp:paragraph -->\n\n<!-- wp:paragraph -->\n<p>Der Autor erkl\u00e4rt hiermit ausdr\u00fccklich, dass zum Zeitpunkt der Linksetzung keine illegalen Inhalte auf den zu verlinkenden Seiten erkennbar waren. Auf die aktuelle und zuk\u00fcnftige Gestaltung, die Inhalte oder die Urheberschaft der verlinkten\/verkn\u00fcpften Seiten hat der Autor keinerlei Einfluss. Deshalb distanziert er sich hiermit ausdr\u00fccklich von allen Inhalten aller verlinkten \/verkn\u00fcpften Seiten, die nach der Linksetzung ver\u00e4ndert wurden. Diese Feststellung gilt f\u00fcr alle innerhalb des eigenen Internetangebotes gesetzten Links und Verweise sowie f\u00fcr Fremdeintr\u00e4ge in vom Autor eingerichteten G\u00e4steb\u00fcchern, Diskussionsforen, Linkverzeichnissen, Mailinglisten und in allen anderen Formen von Datenbanken, auf deren Inhalt externe Schreibzugriffe m\u00f6glich sind. F\u00fcr illegale, fehlerhafte oder unvollst\u00e4ndige Inhalte und insbesondere f\u00fcr Sch\u00e4den, die aus der Nutzung oder Nichtnutzung solcherart dargebotener Informationen entstehen, haftet allein der Anbieter der Seite, auf welche verwiesen wurde, nicht derjenige, der \u00fcber Links auf die jeweilige Ver\u00f6ffentlichung lediglich verweist.<\/p>\n<!-- \/wp:paragraph -->\n\n<!-- wp:paragraph -->\n<p><strong>3. Urheber- und Kennzeichenrecht<\/strong><\/p>\n<!-- \/wp:paragraph -->\n\n<!-- wp:paragraph -->\n<p>Der Autor ist bestrebt, in allen Publikationen die Urheberrechte der verwendeten Bilder, Grafiken, Tondokumente, Videosequenzen und Texte zu beachten, von ihm selbst erstellte Bilder, Grafiken, Tondokumente, Videosequenzen und Texte zu nutzen oder auf lizenzfreie Grafiken, Tondokumente, Videosequenzen und Texte zur\u00fcckzugreifen. Alle innerhalb des Internetangebotes genannten und ggf. durch Dritte gesch\u00fctzten Marken- und Warenzeichen unterliegen uneingeschr\u00e4nkt den Bestimmungen des jeweils g\u00fcltigen Kennzeichenrechts und den Besitzrechten der jeweiligen eingetragenen Eigent\u00fcmer. Allein aufgrund der blo\u00dfen Nennung ist nicht der Schluss zu ziehen, dass Markenzeichen nicht durch Rechte Dritter gesch\u00fctzt sind!<\/p>\n<!-- \/wp:paragraph -->\n\n<!-- wp:paragraph -->\n<p>Das Copyright f\u00fcr ver\u00f6ffentlichte, vom Autor selbst erstellte Objekte bleibt allein beim Autor der Seiten. Eine Vervielf\u00e4ltigung oder Verwendung solcher Grafiken, Tondokumente, Videosequenzen und Texte in anderen elektronischen oder gedruckten Publikationen ist ohne ausdr\u00fcckliche Zustimmung des Autors nicht gestattet.<\/p>\n<!-- \/wp:paragraph -->\n\n<!-- wp:paragraph -->\n<p><strong>4. Datenschutz<\/strong><\/p>\n<!-- \/wp:paragraph -->\n\n<!-- wp:paragraph -->\n<p>Sofern innerhalb des Internetangebotes die M\u00f6glichkeit zur Eingabe pers\u00f6nlicher oder gesch\u00e4ftlicher Daten (Emailadressen, Namen, Anschriften) besteht, so erfolgt die Preisgabe dieser Daten seitens des Nutzers auf ausdr\u00fccklich freiwilliger Basis. Die Inanspruchnahme und Bezahlung aller angebotenen Dienste ist \u2013 soweit technisch m\u00f6glich und zumutbar \u2013 auch ohne Angabe solcher Daten bzw. unter Angabe anonymisierter Daten oder eines Pseudonyms gestattet. Die Nutzung der im Rahmen des Impressums oder vergleichbarer Angaben ver\u00f6ffentlichten Kontaktdaten wie Postanschriften, Telefon- und Faxnummern sowie Emailadressen durch Dritte zur \u00dcbersendung von nicht ausdr\u00fccklich angeforderten Informationen ist nicht gestattet. Rechtliche Schritte gegen die Versender von sogenannten Spam-Mails bei Verst\u00f6ssen gegen dieses Verbot sind ausdr\u00fccklich vorbehalten.<\/p>\n<!-- \/wp:paragraph -->\n\n<!-- wp:paragraph -->\n<p><strong>5. Rechtswirksamkeit dieses Haftungsausschlusses<\/strong><\/p>\n<!-- \/wp:paragraph -->\n\n<!-- wp:paragraph -->\n<p>Dieser Haftungsausschluss ist als Teil des Internetangebotes zu betrachten, von dem aus auf diese Seite verwiesen wurde. Sofern Teile oder einzelne Formulierungen dieses Textes der geltenden Rechtslage nicht, nicht mehr oder nicht vollst\u00e4ndig entsprechen sollten, bleiben die \u00fcbrigen Teile des Dokumentes in ihrem Inhalt und ihrer G\u00fcltigkeit davon unber\u00fchrt.<\/p>\n<!-- \/wp:paragraph -->","_et_gb_content_width":""},"yoast_head":"<!-- This site is optimized with the Yoast SEO plugin v15.5 - https:\/\/yoast.com\/wordpress\/plugins\/seo\/ -->\n<title>Impressum - BRSV<\/title>\n<meta name=\"description\" content=\"BRCG als \u201eBusiness-Beschleuniger\u201c im Zeitalter der Digitalisierung ist Vertriebs-Experte und Partner in der Umsetzung zugleich. 20 Jahre Erfahrung und alleinstehende Methoden revolutionieren Markterschlie\u00dfungsprozesse und erm\u00f6glichen es M\u00e4rkte schneller und systematischer zu erobern sowie Kunden und Partner zu gewinnen.\" \/>\n<meta name=\"robots\" content=\"index, follow, max-snippet:-1, max-image-preview:large, max-video-preview:-1\" \/>\n<link rel=\"canonical\" href=\"https:\/\/www.brsv.net\/en\/impressum\/\" \/>\n<meta property=\"og:locale\" content=\"en_US\" \/>\n<meta property=\"og:type\" content=\"article\" \/>\n<meta property=\"og:title\" content=\"Impressum - BRSV\" \/>\n<meta property=\"og:description\" content=\"BRCG als \u201eBusiness-Beschleuniger\u201c im Zeitalter der Digitalisierung ist Vertriebs-Experte und Partner in der Umsetzung zugleich. 20 Jahre Erfahrung und alleinstehende Methoden revolutionieren Markterschlie\u00dfungsprozesse und erm\u00f6glichen es M\u00e4rkte schneller und systematischer zu erobern sowie Kunden und Partner zu gewinnen.\" \/>\n<meta property=\"og:url\" content=\"https:\/\/www.brsv.net\/en\/impressum\/\" \/>\n<meta property=\"og:site_name\" content=\"BRSV\" \/>\n<meta property=\"article:modified_time\" content=\"2025-02-26T10:21:28+00:00\" \/>\n<meta name=\"twitter:card\" content=\"summary_large_image\" \/>\n<meta name=\"twitter:label1\" content=\"Est. reading time\">\n\t<meta name=\"twitter:data1\" content=\"4 minutes\">\n<script type=\"application\/ld+json\" class=\"yoast-schema-graph\">{\"@context\":\"https:\/\/schema.org\",\"@graph\":[{\"@type\":\"Organization\",\"@id\":\"https:\/\/www.brsv.net\/#organization\",\"name\":\"BRCG Management Consulting\",\"url\":\"https:\/\/www.brsv.net\/\",\"sameAs\":[],\"logo\":{\"@type\":\"ImageObject\",\"@id\":\"https:\/\/www.brsv.net\/#logo\",\"inLanguage\":\"en-US\",\"url\":\"https:\/\/www.brsv.net\/wp-content\/uploads\/2020\/09\/favicon-brcg.png\",\"width\":800,\"height\":800,\"caption\":\"BRCG Management Consulting\"},\"image\":{\"@id\":\"https:\/\/www.brsv.net\/#logo\"}},{\"@type\":\"WebSite\",\"@id\":\"https:\/\/www.brsv.net\/#website\",\"url\":\"https:\/\/www.brsv.net\/\",\"name\":\"BRSV\",\"description\":\"\",\"publisher\":{\"@id\":\"https:\/\/www.brsv.net\/#organization\"},\"potentialAction\":[{\"@type\":\"SearchAction\",\"target\":\"https:\/\/www.brsv.net\/?s={search_term_string}\",\"query-input\":\"required name=search_term_string\"}],\"inLanguage\":\"en-US\"},{\"@type\":\"WebPage\",\"@id\":\"https:\/\/www.brsv.net\/impressum\/#webpage\",\"url\":\"https:\/\/www.brsv.net\/impressum\/\",\"name\":\"Impressum - BRSV\",\"isPartOf\":{\"@id\":\"https:\/\/www.brsv.net\/#website\"},\"datePublished\":\"2020-07-02T15:03:16+00:00\",\"dateModified\":\"2025-02-26T10:21:28+00:00\",\"description\":\"BRCG als \\u201eBusiness-Beschleuniger\\u201c im Zeitalter der Digitalisierung ist Vertriebs-Experte und Partner in der Umsetzung zugleich. 20 Jahre Erfahrung und alleinstehende Methoden revolutionieren Markterschlie\\u00dfungsprozesse und erm\\u00f6glichen es M\\u00e4rkte schneller und systematischer zu erobern sowie Kunden und Partner zu gewinnen.\",\"inLanguage\":\"en-US\",\"potentialAction\":[{\"@type\":\"ReadAction\",\"target\":[\"https:\/\/www.brsv.net\/impressum\/\"]}]}]}<\/script>\n<!-- \/ Yoast SEO plugin. -->","_links":{"self":[{"href":"https:\/\/www.brsv.net\/en\/wp-json\/wp\/v2\/pages\/19"}],"collection":[{"href":"https:\/\/www.brsv.net\/en\/wp-json\/wp\/v2\/pages"}],"about":[{"href":"https:\/\/www.brsv.net\/en\/wp-json\/wp\/v2\/types\/page"}],"author":[{"embeddable":true,"href":"https:\/\/www.brsv.net\/en\/wp-json\/wp\/v2\/users\/1"}],"replies":[{"embeddable":true,"href":"https:\/\/www.brsv.net\/en\/wp-json\/wp\/v2\/comments?post=19"}],"version-history":[{"count":13,"href":"https:\/\/www.brsv.net\/en\/wp-json\/wp\/v2\/pages\/19\/revisions"}],"predecessor-version":[{"id":1175,"href":"https:\/\/www.brsv.net\/en\/wp-json\/wp\/v2\/pages\/19\/revisions\/1175"}],"wp:attachment":[{"href":"https:\/\/www.brsv.net\/en\/wp-json\/wp\/v2\/media?parent=19"}],"curies":[{"name":"wp","href":"https:\/\/api.w.org\/{rel}","templated":true}]}}