{"id":285,"date":"2020-08-03T18:12:56","date_gmt":"2020-08-03T16:12:56","guid":{"rendered":"http:\/\/test.wp.brcg.de\/?page_id=285"},"modified":"2020-12-18T15:13:40","modified_gmt":"2020-12-18T14:13:40","slug":"kontakt","status":"publish","type":"page","link":"https:\/\/www.brsv.net\/en\/kontakt\/","title":{"rendered":"Contact"},"content":{"rendered":"<p>[et_pb_section fb_built=&#8220;1&#8243; fullwidth=&#8220;on&#8220; _builder_version=&#8220;4.7.4&#8243; _module_preset=&#8220;default&#8220; background_enable_color=&#8220;off&#8220; background_image=&#8220;https:\/\/www.brsv.net\/wp-content\/uploads\/2020\/12\/111213939_m-scaled.jpg&#8220; min_height=&#8220;300px&#8220; height=&#8220;50vh&#8220;][\/et_pb_section][et_pb_section fb_built=&#8220;1&#8243; _builder_version=&#8220;4.7.4&#8243; _module_preset=&#8220;default&#8220;][et_pb_row column_structure=&#8220;3_5,2_5&#8243; _builder_version=&#8220;4.7.4&#8243; _module_preset=&#8220;default&#8220;][et_pb_column type=&#8220;3_5&#8243; _builder_version=&#8220;4.7.4&#8243; _module_preset=&#8220;default&#8220; background_color=&#8220;#ffffff&#8220; custom_padding=&#8220;5%|5%|5%|5%|true|true&#8220; custom_css_main_element=&#8220;margin-top: -200px;&#8220; box_shadow_style=&#8220;preset2&#8243; box_shadow_blur=&#8220;32px&#8220; box_shadow_color=&#8220;rgba(0,0,0,0.25)&#8220;][et_pb_text _builder_version=&#8220;4.7.4&#8243; text_font=&#8220;||||||||&#8220; header_font=&#8220;|700||on|||||&#8220; header_font_size=&#8220;38px&#8220; header_letter_spacing=&#8220;1px&#8220; header_line_height=&#8220;1.4em&#8220; header_2_font=&#8220;||||||||&#8220; header_3_font=&#8220;||||||||&#8220; text_orientation=&#8220;center&#8220; max_width=&#8220;550px&#8220; module_alignment=&#8220;center&#8220; custom_margin=&#8220;|||&#8220; hover_enabled=&#8220;0&#8243; locked=&#8220;off&#8220; header_font_size_last_edited=&#8220;on|phone&#8220; header_font_size_phone=&#8220;28px&#8220; sticky_enabled=&#8220;0&#8243;]<\/p>\n<h1>Contact<\/h1>\n<p>[\/et_pb_text][et_pb_text _builder_version=&#8220;4.7.4&#8243; _module_preset=&#8220;default&#8220;]<\/p>\n<div role=\"form\" class=\"wpcf7\" id=\"wpcf7-f637-o1\" lang=\"de-DE\" dir=\"ltr\">\n<div class=\"screen-reader-response\"><p role=\"status\" aria-live=\"polite\" aria-atomic=\"true\"><\/p> <ul><\/ul><\/div>\n<form action=\"\/en\/wp-json\/wp\/v2\/pages\/285#wpcf7-f637-o1\" method=\"post\" class=\"wpcf7-form init\" novalidate=\"novalidate\" data-status=\"init\" data-trp-original-action=\"\/en\/wp-json\/wp\/v2\/pages\/285#wpcf7-f637-o1\">\n<div style=\"display: none;\">\n<input type=\"hidden\" name=\"_wpcf7\" value=\"637\" \/>\n<input type=\"hidden\" name=\"_wpcf7_version\" value=\"5.3.2\" \/>\n<input type=\"hidden\" name=\"_wpcf7_locale\" value=\"de_DE\" \/>\n<input type=\"hidden\" name=\"_wpcf7_unit_tag\" value=\"wpcf7-f637-o1\" \/>\n<input type=\"hidden\" name=\"_wpcf7_container_post\" value=\"0\" \/>\n<input type=\"hidden\" name=\"_wpcf7_posted_data_hash\" value=\"\" \/>\n<\/div>\n<div class=\"cf-row\">\n<div class=\"cf-col\">\n    <label> First and last name* <span class=\"wpcf7-form-control-wrap your-name\"><input type=\"text\" name=\"your-name\" value=\"\" size=\"40\" class=\"wpcf7-form-control wpcf7-text wpcf7-validates-as-required\" aria-required=\"true\" aria-invalid=\"false\" \/><\/span> <\/label><br \/>\n    <label> Company <span class=\"wpcf7-form-control-wrap your-company\"><input type=\"text\" name=\"your-company\" value=\"\" size=\"40\" class=\"wpcf7-form-control wpcf7-text\" aria-invalid=\"false\" \/><\/span> <\/label>\n  <\/div>\n<div class=\"cf-col\">\n    <label> E-Mail* <span class=\"wpcf7-form-control-wrap your-email\"><input type=\"email\" name=\"your-email\" value=\"\" size=\"40\" class=\"wpcf7-form-control wpcf7-text wpcf7-email wpcf7-validates-as-required wpcf7-validates-as-email\" aria-required=\"true\" aria-invalid=\"false\" \/><\/span> <\/label><br \/>\n    <label> Phone <span class=\"wpcf7-form-control-wrap your-phone\"><input type=\"text\" name=\"your-phone\" value=\"\" size=\"40\" class=\"wpcf7-form-control wpcf7-text\" aria-invalid=\"false\" \/><\/span> <\/label>\n  <\/div>\n<div class=\"cf-lorem\">\n    <label> Firma* <span id=\"wpcf7-69eb8d10806a5\" class=\"wpcf7-form-control-wrap company-wrap\" style=\"display:none !important; visibility:hidden !important;\"><label  class=\"hp-message\">Please leave this field empty.<\/label><input class=\"wpcf7-form-control wpcf7-text\"  type=\"text\" name=\"company\" value=\"\" size=\"40\" tabindex=\"-1\" autocomplete=\"nope\" \/><\/span><\/label>\n  <\/div>\n<\/div>\n<p><label> Enter your message ...<br \/>\n    <span class=\"wpcf7-form-control-wrap your-message\"><textarea name=\"your-message\" cols=\"40\" rows=\"10\" class=\"wpcf7-form-control wpcf7-textarea\" aria-invalid=\"false\"><\/textarea><\/span> <\/label><\/p>\n<div class=\"cf-row\">\n<div class=\"cf-col\">\n    <label> Please enter these characters:<br \/>\n      <span class=\"wpcf7-form-control-wrap captcha-170\"><input type=\"text\" name=\"captcha-170\" value=\"\" size=\"4\" maxlength=\"4\" class=\"wpcf7-form-control wpcf7-captchar\" autocomplete=\"off\" aria-invalid=\"false\" \/><\/span> <input type=\"hidden\" name=\"_wpcf7_captcha_challenge_captcha-170\" value=\"854526706\" \/><img loading=\"lazy\" class=\"wpcf7-form-control wpcf7-captchac wpcf7-captcha-captcha-170\" width=\"84\" height=\"28\" alt=\"captcha\" src=\"https:\/\/www.brsv.net\/wp-content\/uploads\/wpcf7_captcha\/854526706.png\" \/><\/label>\n  <\/div>\n<div class=\"cf-col\" style=\"text-align: right;\">\n    <input type=\"submit\" value=\"Send\" class=\"wpcf7-form-control wpcf7-submit\" \/>\n  <\/div>\n<\/div>\n<style>\n.cf-row {\n  display: flex;\n  flex-flow: row wrap;\n  margin-left: -15px;\n  margin-right: -15px;\n}\n.cf-col {\n  padding-left: 15px;\n  padding-right: 15px;\n  flex: 0 0 50%;\n}\n@media (max-width: 800px) {\n  .cf-col {\n    flex: 0 0 100%;\n  }\n}\n.cf-lorem {\n  display: none;\n}\n.wpcf7 label {\n  font-size: 0.9rem;\n}\n.wpcf7 input[type=\"text\"],\n.wpcf7 input[type=\"email\"],\n.wpcf7 textarea\n{\n  background-color: #eee;\n  color: #333;\n  width: 100%;\n  padding: 0.5em 1em;\n  border: 0;\n  font-size: 1.2rem;\n}\n.wpcf7-captchar {\n  width: 100px !important;\n}\n.wpcf7-submit {\n  background: rgb(85, 103, 127);\n  border: 0;\n  color: #fff;\n  padding: 0.5em 1em;\n  text-transform: uppercase;\n  font-size: 1.2rem;\n  letter-spacing: 0.1em;\n  display: block;\n  margin-left: auto;\n  margin-top: 2rem;\n}\n<\/style>\n<div class=\"wpcf7-response-output\" aria-hidden=\"true\"><\/div><input type=\"hidden\" name=\"trp-form-language\" value=\"en\"\/><\/form><\/div>\n<p>[\/et_pb_text][\/et_pb_column][et_pb_column type=&#8220;2_5&#8243; _builder_version=&#8220;4.7.4&#8243; _module_preset=&#8220;default&#8220;][et_pb_blurb title=&#8220;Standort&#8220; use_icon=&#8220;on&#8220; font_icon=&#8220;%%249%%&#8220; icon_color=&#8220;#ffffff&#8220; use_circle=&#8220;on&#8220; circle_color=&#8220;#edbb5f&#8220; icon_placement=&#8220;left&#8220; use_icon_font_size=&#8220;on&#8220; icon_font_size=&#8220;31px&#8220; _builder_version=&#8220;4.7.4&#8243; header_level=&#8220;h1&#8243; header_font=&#8220;|700||on|||||&#8220; header_text_color=&#8220;rgba(0,0,0,0.4)&#8220; header_font_size=&#8220;16px&#8220; header_letter_spacing=&#8220;1px&#8220; body_font=&#8220;||||||||&#8220; body_text_color=&#8220;#000000&#8243; body_font_size=&#8220;16px&#8220; body_letter_spacing=&#8220;1px&#8220; body_line_height=&#8220;1.8em&#8220; custom_margin=&#8220;40px||40px||false|false&#8220; animation_style=&#8220;zoom&#8220; animation_intensity_zoom=&#8220;30%&#8220; animation=&#8220;off&#8220; hover_enabled=&#8220;0&#8243; border_style_all=&#8220;dashed&#8220; locked=&#8220;off&#8220; sticky_enabled=&#8220;0&#8243;]<\/p>\n<p>Steinring 125<br \/> 44789 Bochum<br \/> Germany<\/p>\n<p>[\/et_pb_blurb][et_pb_blurb title=&#8220;Kontakt&#8220; use_icon=&#8220;on&#8220; font_icon=&#8220;%%221%%&#8220; icon_color=&#8220;#ffffff&#8220; use_circle=&#8220;on&#8220; circle_color=&#8220;#edbb5f&#8220; icon_placement=&#8220;left&#8220; use_icon_font_size=&#8220;on&#8220; icon_font_size=&#8220;31px&#8220; _builder_version=&#8220;4.7.4&#8243; header_level=&#8220;h1&#8243; header_font=&#8220;|700||on|||||&#8220; header_text_color=&#8220;rgba(0,0,0,0.4)&#8220; header_font_size=&#8220;16px&#8220; header_letter_spacing=&#8220;1px&#8220; body_font=&#8220;||||||||&#8220; body_text_color=&#8220;#000000&#8243; body_font_size=&#8220;16px&#8220; body_letter_spacing=&#8220;1px&#8220; body_line_height=&#8220;1.8em&#8220; body_link_font=&#8220;||||on||||&#8220; body_link_text_color=&#8220;#000000&#8243; custom_margin=&#8220;||40px|&#8220; animation_style=&#8220;zoom&#8220; animation_intensity_zoom=&#8220;30%&#8220; animation=&#8220;off&#8220; border_style_all=&#8220;dashed&#8220; locked=&#8220;off&#8220;]<\/p>\n<p>Phone: +49 (234) 777 96-0<br \/> Fax: +49 (234) 777 96-10<br \/> E-Mail: <a href=\"mailto:info@brsv.net\">info@brsv.net<\/a><\/p>\n<p>[\/et_pb_blurb][\/et_pb_column][\/et_pb_row][\/et_pb_section][et_pb_section fb_built=&#8220;1&#8243; admin_label=&#8220;Free Consult&#8220; _builder_version=&#8220;4.7.4&#8243; background_color=&#8220;rgba(0,0,0,0.72)&#8220; background_image=&#8220;https:\/\/www.brsv.net\/wp-content\/uploads\/2020\/12\/149444837_m.jpg&#8220; background_position=&#8220;top_right&#8220; background_blend=&#8220;color-dodge&#8220; custom_margin=&#8220;|||&#8220; custom_padding=&#8220;100px|0px|100px|0px&#8220;][et_pb_row column_structure=&#8220;1_2,1_2&#8243; _builder_version=&#8220;4.7.4&#8243; max_width=&#8220;1200px&#8220; custom_padding=&#8220;|||&#8220; animation_style=&#8220;slide&#8220; animation_direction=&#8220;left&#8220; animation_intensity_slide=&#8220;10%&#8220; animation_starting_opacity=&#8220;100%&#8220;][et_pb_column type=&#8220;1_2&#8243; _builder_version=&#8220;3.25&#8243; custom_padding=&#8220;|||&#8220; custom_padding__hover=&#8220;|||&#8220;][\/et_pb_column][et_pb_column type=&#8220;1_2&#8243; _builder_version=&#8220;3.25&#8243; background_color=&#8220;#ffffff&#8220; custom_padding=&#8220;4%|5%|4%|5%&#8220; custom_padding__hover=&#8220;|||&#8220;][et_pb_text _builder_version=&#8220;4.7.4&#8243; text_font=&#8220;||||||||&#8220; header_font=&#8220;||||||||&#8220; header_2_font=&#8220;Playfair Display|700|||||||&#8220; header_2_font_size=&#8220;38px&#8220; header_2_letter_spacing=&#8220;1px&#8220; header_2_line_height=&#8220;1.4em&#8220; header_3_font=&#8220;|700||on|||||&#8220; header_3_text_color=&#8220;#edbb5f&#8220; header_3_font_size=&#8220;14px&#8220; header_3_letter_spacing=&#8220;1px&#8220; header_3_line_height=&#8220;2em&#8220; max_width=&#8220;550px&#8220; custom_margin=&#8220;||0px||false|false&#8220; animation_direction=&#8220;bottom&#8220; locked=&#8220;off&#8220;]<\/p>\n<h3>Directions<\/h3>\n<p>[\/et_pb_text][et_pb_text module_class=&#8220;font-serif&#8220; _builder_version=&#8220;4.7.4&#8243; _module_preset=&#8220;default&#8220; text_font=&#8220;|700|||||||&#8220; custom_margin=&#8220;||0px||false|false&#8220;]<\/p>\n<h4><strong>Arrival by car<\/strong><\/h4>\n<p>[\/et_pb_text][et_pb_text _builder_version=&#8220;4.7.4&#8243; _module_preset=&#8220;default&#8220; text_font_size=&#8220;14px&#8220; text_line_height=&#8220;1.8em&#8220;]<\/p>\n<p>The fastest way to reach us is via the A43. Please take the exit Ruhr-Universit\u00e4t Bochum and continue on Universit\u00e4tsstra\u00dfe in the direction of Universit\u00e4t\/Stadtzentrum. Leave Universit\u00e4tsstra\u00dfe at the Vonovia company headquarters and follow Querenburgerstra\u00dfe to the Steinring intersection.<\/p>\n<p>Turn left and drive to the BRCG building. Parking is available right next to the building.<\/p>\n<p>[\/et_pb_text][et_pb_text module_class=&#8220;font-serif&#8220; _builder_version=&#8220;4.7.4&#8243; _module_preset=&#8220;default&#8220; text_font=&#8220;|700|||||||&#8220; custom_margin=&#8220;||0px||false|false&#8220;]<\/p>\n<h4><strong>Arrival by public transport<\/strong><\/h4>\n<p>[\/et_pb_text][et_pb_text _builder_version=&#8220;4.7.4&#8243; _module_preset=&#8220;default&#8220; text_font_size=&#8220;14px&#8220; text_line_height=&#8220;1.8em&#8220;]<\/p>\n<p>You can also reach BRCG from the main station by taking the U35 subway in the direction of Bochum Hustadt. Get off at the Waldring stop. When you have left the station on the right side, cross the street and walk along the street onto Steinring. Follow this street until you reach the BRCG building (on the left side).<\/p>\n<p>[\/et_pb_text][et_pb_text module_class=&#8220;font-serif&#8220; _builder_version=&#8220;4.7.4&#8243; _module_preset=&#8220;default&#8220; text_font=&#8220;|700|||||||&#8220; custom_margin=&#8220;||0px||false|false&#8220;]<\/p>\n<h4><strong>Arrival by plane<\/strong><\/h4>\n<p>[\/et_pb_text][et_pb_text _builder_version=&#8220;4.7.4&#8243; _module_preset=&#8220;default&#8220; text_font_size=&#8220;14px&#8220; text_line_height=&#8220;1.8em&#8220;]<\/p>\n<p>The nearest airport is D\u00fcsseldorf Airport. From there you can take a cab or the regional train to the main station Bochum. After that please follow the description above.<\/p>\n<p>[\/et_pb_text][\/et_pb_column][\/et_pb_row][\/et_pb_section]<\/p>","protected":false},"excerpt":{"rendered":"<p>[et_pb_section fb_built=&#8220;1&#8243; fullwidth=&#8220;on&#8220; _builder_version=&#8220;4.7.4&#8243; _module_preset=&#8220;default&#8220; background_enable_color=&#8220;off&#8220; background_image=&#8220;https:\/\/www.brsv.net\/wp-content\/uploads\/2020\/12\/111213939_m-scaled.jpg&#8220; min_height=&#8220;300px&#8220; height=&#8220;50vh&#8220;][\/et_pb_section][et_pb_section fb_built=&#8220;1&#8243; _builder_version=&#8220;4.7.4&#8243; _module_preset=&#8220;default&#8220;][et_pb_row column_structure=&#8220;3_5,2_5&#8243; _builder_version=&#8220;4.7.4&#8243; _module_preset=&#8220;default&#8220;][et_pb_column type=&#8220;3_5&#8243; _builder_version=&#8220;4.7.4&#8243; _module_preset=&#8220;default&#8220; background_color=&#8220;#ffffff&#8220; custom_padding=&#8220;5%|5%|5%|5%|true|true&#8220; custom_css_main_element=&#8220;margin-top: -200px;&#8220; box_shadow_style=&#8220;preset2&#8243; box_shadow_blur=&#8220;32px&#8220; box_shadow_color=&#8220;rgba(0,0,0,0.25)&#8220;][et_pb_text _builder_version=&#8220;4.7.4&#8243; text_font=&#8220;||||||||&#8220; header_font=&#8220;|700||on|||||&#8220; header_font_size=&#8220;38px&#8220; header_letter_spacing=&#8220;1px&#8220; header_line_height=&#8220;1.4em&#8220; header_2_font=&#8220;||||||||&#8220; header_3_font=&#8220;||||||||&#8220; text_orientation=&#8220;center&#8220; max_width=&#8220;550px&#8220; module_alignment=&#8220;center&#8220; custom_margin=&#8220;|||&#8220; hover_enabled=&#8220;0&#8243; locked=&#8220;off&#8220; header_font_size_last_edited=&#8220;on|phone&#8220; header_font_size_phone=&#8220;28px&#8220; sticky_enabled=&#8220;0&#8243;] Ihr Kontakt zu uns [\/et_pb_text][et_pb_text _builder_version=&#8220;4.7.4&#8243; _module_preset=&#8220;default&#8220;] [\/et_pb_text][\/et_pb_column][et_pb_column type=&#8220;2_5&#8243; _builder_version=&#8220;4.7.4&#8243; _module_preset=&#8220;default&#8220;][et_pb_blurb title=&#8220;Standort&#8220; use_icon=&#8220;on&#8220; [&hellip;]<\/p>","protected":false},"author":1,"featured_media":0,"parent":0,"menu_order":0,"comment_status":"closed","ping_status":"closed","template":"","meta":{"_et_pb_use_builder":"on","_et_pb_old_content":"","_et_gb_content_width":""},"yoast_head":"<!-- This site is optimized with the Yoast SEO plugin v15.5 - https:\/\/yoast.com\/wordpress\/plugins\/seo\/ -->\n<title>Kontakt - BRSV<\/title>\n<meta name=\"description\" content=\"BRCG als \u201eBusiness-Beschleuniger\u201c im Zeitalter der Digitalisierung ist Vertriebs-Experte und Partner in der Umsetzung zugleich. 20 Jahre Erfahrung und alleinstehende Methoden revolutionieren Markterschlie\u00dfungsprozesse und erm\u00f6glichen es M\u00e4rkte schneller und systematischer zu erobern sowie Kunden und Partner zu gewinnen.\" \/>\n<meta name=\"robots\" content=\"index, follow, max-snippet:-1, max-image-preview:large, max-video-preview:-1\" \/>\n<link rel=\"canonical\" href=\"https:\/\/www.brsv.net\/en\/kontakt\/\" \/>\n<meta property=\"og:locale\" content=\"en_US\" \/>\n<meta property=\"og:type\" content=\"article\" \/>\n<meta property=\"og:title\" content=\"Kontakt - BRSV\" \/>\n<meta property=\"og:description\" content=\"BRCG als \u201eBusiness-Beschleuniger\u201c im Zeitalter der Digitalisierung ist Vertriebs-Experte und Partner in der Umsetzung zugleich. 20 Jahre Erfahrung und alleinstehende Methoden revolutionieren Markterschlie\u00dfungsprozesse und erm\u00f6glichen es M\u00e4rkte schneller und systematischer zu erobern sowie Kunden und Partner zu gewinnen.\" \/>\n<meta property=\"og:url\" content=\"https:\/\/www.brsv.net\/en\/kontakt\/\" \/>\n<meta property=\"og:site_name\" content=\"BRSV\" \/>\n<meta property=\"article:modified_time\" content=\"2020-12-18T14:13:40+00:00\" \/>\n<meta name=\"twitter:card\" content=\"summary_large_image\" \/>\n<meta name=\"twitter:label1\" content=\"Est. reading time\">\n\t<meta name=\"twitter:data1\" content=\"3 minutes\">\n<script type=\"application\/ld+json\" class=\"yoast-schema-graph\">{\"@context\":\"https:\/\/schema.org\",\"@graph\":[{\"@type\":\"Organization\",\"@id\":\"https:\/\/www.brsv.net\/#organization\",\"name\":\"BRCG Management Consulting\",\"url\":\"https:\/\/www.brsv.net\/\",\"sameAs\":[],\"logo\":{\"@type\":\"ImageObject\",\"@id\":\"https:\/\/www.brsv.net\/#logo\",\"inLanguage\":\"en-US\",\"url\":\"https:\/\/www.brsv.net\/wp-content\/uploads\/2020\/09\/favicon-brcg.png\",\"width\":800,\"height\":800,\"caption\":\"BRCG Management Consulting\"},\"image\":{\"@id\":\"https:\/\/www.brsv.net\/#logo\"}},{\"@type\":\"WebSite\",\"@id\":\"https:\/\/www.brsv.net\/#website\",\"url\":\"https:\/\/www.brsv.net\/\",\"name\":\"BRSV\",\"description\":\"\",\"publisher\":{\"@id\":\"https:\/\/www.brsv.net\/#organization\"},\"potentialAction\":[{\"@type\":\"SearchAction\",\"target\":\"https:\/\/www.brsv.net\/?s={search_term_string}\",\"query-input\":\"required name=search_term_string\"}],\"inLanguage\":\"en-US\"},{\"@type\":\"WebPage\",\"@id\":\"https:\/\/www.brsv.net\/kontakt\/#webpage\",\"url\":\"https:\/\/www.brsv.net\/kontakt\/\",\"name\":\"Kontakt - BRSV\",\"isPartOf\":{\"@id\":\"https:\/\/www.brsv.net\/#website\"},\"datePublished\":\"2020-08-03T16:12:56+00:00\",\"dateModified\":\"2020-12-18T14:13:40+00:00\",\"description\":\"BRCG als \\u201eBusiness-Beschleuniger\\u201c im Zeitalter der Digitalisierung ist Vertriebs-Experte und Partner in der Umsetzung zugleich. 20 Jahre Erfahrung und alleinstehende Methoden revolutionieren Markterschlie\\u00dfungsprozesse und erm\\u00f6glichen es M\\u00e4rkte schneller und systematischer zu erobern sowie Kunden und Partner zu gewinnen.\",\"inLanguage\":\"en-US\",\"potentialAction\":[{\"@type\":\"ReadAction\",\"target\":[\"https:\/\/www.brsv.net\/kontakt\/\"]}]}]}<\/script>\n<!-- \/ Yoast SEO plugin. -->","_links":{"self":[{"href":"https:\/\/www.brsv.net\/en\/wp-json\/wp\/v2\/pages\/285"}],"collection":[{"href":"https:\/\/www.brsv.net\/en\/wp-json\/wp\/v2\/pages"}],"about":[{"href":"https:\/\/www.brsv.net\/en\/wp-json\/wp\/v2\/types\/page"}],"author":[{"embeddable":true,"href":"https:\/\/www.brsv.net\/en\/wp-json\/wp\/v2\/users\/1"}],"replies":[{"embeddable":true,"href":"https:\/\/www.brsv.net\/en\/wp-json\/wp\/v2\/comments?post=285"}],"version-history":[{"count":23,"href":"https:\/\/www.brsv.net\/en\/wp-json\/wp\/v2\/pages\/285\/revisions"}],"predecessor-version":[{"id":1091,"href":"https:\/\/www.brsv.net\/en\/wp-json\/wp\/v2\/pages\/285\/revisions\/1091"}],"wp:attachment":[{"href":"https:\/\/www.brsv.net\/en\/wp-json\/wp\/v2\/media?parent=285"}],"curies":[{"name":"wp","href":"https:\/\/api.w.org\/{rel}","templated":true}]}}